{"id":41,"date":"2021-08-02T13:41:54","date_gmt":"2021-08-02T13:41:54","guid":{"rendered":"https:\/\/demo.pierreijenga.nl\/?page_id=41"},"modified":"2022-11-06T12:44:24","modified_gmt":"2022-11-06T12:44:24","slug":"personal-training","status":"publish","type":"page","link":"https:\/\/pierreijenga.nl\/?page_id=41","title":{"rendered":"PERSONAL TRAINING"},"content":{"rendered":"\n<p class=\"has-text-color has-x-large-font-size\" style=\"color:#009245\"><strong>PERSONAL TRAINING<\/strong><\/p>\n\n\n\n<p class=\"has-black-color has-text-color has-medium-font-size\"><strong>Fysiek en mentaal groeien<\/strong><\/p>\n\n\n\n<p>Vaak denken mensen bij het woord personal trainer aan een drill instructor die naast je staat te blaffen terwijl jij je in het zweet werkt. Ik interpreteer de term personal trainer heel anders. Bij mij geen spierballentaal, maar gericht advies op maat.&nbsp;<\/p>\n\n\n\n<p>Ik maak een effectief trainingsschema, denk mee over je voeding en stimuleer je om grenzen te verleggen. Stapje voor stapje merk je dat je sterker wordt, zowel fysiek als mentaal. Die combinatie tussen lichaam en geest is voor mij essentieel.<\/p>\n\n\n\n<p class=\"has-black-color has-text-color has-medium-font-size\"><strong>Ik help je graag met<\/strong><\/p>\n\n\n\n<ul class=\"wp-block-list\">\n<li>afslanken<\/li>\n\n\n\n<li>spieropbouw<\/li>\n\n\n\n<li>krachttraining<\/li>\n\n\n\n<li>verbeteren van je totale conditie<\/li>\n<\/ul>\n\n\n\n<p>We starten met een vrijblijvende intake. Daarna gaan we samen aan de slag bij een sportschool in Drachten. Hier bouwen we aan je lichamelijke \u00e9n geestelijke conditie. Daarnaast geef ik trainingen op locatie. Dat kan bij jou thuis zijn, in de buitenlucht of op mijn eigen priv\u00e9locatie. Ik kies bewust voor een veilige omgeving, waarin jij je vertrouwd voelt.<\/p>\n\n\n\n<p class=\"has-black-color has-text-color has-medium-font-size\"><strong>Een personal training kan bestaan uit<\/strong><\/p>\n\n\n\n<ul class=\"wp-block-list\">\n<li>\u00e9\u00e9n op \u00e9\u00e9n contact<\/li>\n\n\n\n<li>een duo-training&nbsp;<\/li>\n\n\n\n<li>een training in een small group<\/li>\n\n\n\n<li>of een groepstraining&nbsp;<\/li>\n<\/ul>\n\n\n\n<p>Samen gaan we aan de slag met gevarieerde oefeningen. Jij bepaalt waar je aan wilt werken. Ook als je alleen voedingsadvies nodig hebt, help ik je graag om je lichaam op een gezonde manier van brandstof te voorzien.&nbsp;<\/p>\n","protected":false},"excerpt":{"rendered":"<p>PERSONAL TRAINING Fysiek en mentaal groeien Vaak denken mensen bij het woord personal trainer aan een drill instructor die naast je staat te blaffen terwijl jij je in het zweet werkt. Ik interpreteer de term personal trainer heel anders. Bij mij geen spierballentaal, maar gericht advies op maat.&nbsp; Ik maak een effectief trainingsschema, denk mee &hellip; <\/p>\n","protected":false},"author":1,"featured_media":648,"parent":0,"menu_order":0,"comment_status":"closed","ping_status":"closed","template":"","meta":{"inline_featured_image":false,"footnotes":""},"class_list":["post-41","page","type-page","status-publish","has-post-thumbnail","hentry","latest_post"],"_links":{"self":[{"href":"https:\/\/pierreijenga.nl\/index.php?rest_route=\/wp\/v2\/pages\/41","targetHints":{"allow":["GET"]}}],"collection":[{"href":"https:\/\/pierreijenga.nl\/index.php?rest_route=\/wp\/v2\/pages"}],"about":[{"href":"https:\/\/pierreijenga.nl\/index.php?rest_route=\/wp\/v2\/types\/page"}],"author":[{"embeddable":true,"href":"https:\/\/pierreijenga.nl\/index.php?rest_route=\/wp\/v2\/users\/1"}],"replies":[{"embeddable":true,"href":"https:\/\/pierreijenga.nl\/index.php?rest_route=%2Fwp%2Fv2%2Fcomments&post=41"}],"version-history":[{"count":36,"href":"https:\/\/pierreijenga.nl\/index.php?rest_route=\/wp\/v2\/pages\/41\/revisions"}],"predecessor-version":[{"id":639,"href":"https:\/\/pierreijenga.nl\/index.php?rest_route=\/wp\/v2\/pages\/41\/revisions\/639"}],"wp:featuredmedia":[{"embeddable":true,"href":"https:\/\/pierreijenga.nl\/index.php?rest_route=\/wp\/v2\/media\/648"}],"wp:attachment":[{"href":"https:\/\/pierreijenga.nl\/index.php?rest_route=%2Fwp%2Fv2%2Fmedia&parent=41"}],"curies":[{"name":"wp","href":"https:\/\/api.w.org\/{rel}","templated":true}]}}